{"id":361,"date":"2017-05-16T14:32:23","date_gmt":"2017-05-16T14:32:23","guid":{"rendered":"https:\/\/www.cristbet.com\/?page_id=361"},"modified":"2025-01-23T11:19:49","modified_gmt":"2025-01-23T11:19:49","slug":"home","status":"publish","type":"page","link":"https:\/\/www.cristbet.com\/en\/","title":{"rendered":"Home"},"content":{"rendered":"\n\n\t\t\t\t<img decoding=\"async\" data-src=\"https:\/\/www.cristbet.com\/wp-content\/uploads\/2017\/05\/Logo-01-300x117.png\" alt=\"CristBet - Tradu\u00e7\u00e3o e Legendagem\" itemprop=\"image\" height=\"117\" width=\"300\" height=\"117\" width=\"300\" title=\"Logotipo Cristbet\" onerror=\"this.style.display='none'\" src=\"data:image\/svg+xml;base64,PHN2ZyB3aWR0aD0iMSIgaGVpZ2h0PSIxIiB4bWxucz0iaHR0cDovL3d3dy53My5vcmcvMjAwMC9zdmciPjwvc3ZnPg==\" class=\"lazyload\" style=\"--smush-placeholder-width: 300px; --smush-placeholder-aspect-ratio: 300\/117;\" \/>\n\t<h1>Translation\u00a0 I \u00a0Subtitling<br \/>\nConference Interpreting<\/h1>\n<a href=\"mailto:admin@cristbet.com\" target=\"_blank\">\n    Budget Request <br \/>Translation &#038; Audiovisuals<br \/> Click here\n<\/a>\n<a href=\"mailto:admin@cristbet.com\" target=\"_blank\">\n    Budget Request <br \/>Conference Interpreting <br \/> Click here\n<\/a>\n\t<h1><strong>Twenty years building language and cultural bridges&#8230;<\/strong><\/h1>\n<p>CristBet was founded at the end of the 1980&#8217;s and since then we have been offering our customers services par excellence to meet your needs. Boasting over 20 years&#8217; experience, we believe that language is a vehicle for communication that is capable of translating and reflecting human beings.<\/p>\n\t<h1><strong>&#8230; And now we also offer remote simultaneous interpreting<br \/>\n<\/strong><\/h1>\n<p>CristBet has adapted to the market&#8217;s demands, offering remote interpreting services, allowing you to hold your events in several languages whenever and wherever you desire. The interpreters&#8217; or speakers&#8217; location is no longer an obstacle for holding your international meeting or conference. We will continue to work with you and for you, even from a distance. <strong>Ask for a quote <a href=\"mailto:marketing@cristbet.com\">here<\/a>.<\/strong><\/p>\n\t<h1>Our services<\/h1>\n\t\t\t\t<img fetchpriority=\"high\" decoding=\"async\" src=\"https:\/\/www.cristbet.com\/wp-content\/uploads\/2017\/05\/xfeature1.png.pagespeed.ic_.CXoO-R0cKG-1024x677.jpg\" alt=\"Servi\u00e7os de tradu\u00e7\u00e3o CristBet.\" itemprop=\"image\" height=\"463\" width=\"700\" title=\"Tradu\u00e7\u00e3o CristBet\" onerror=\"this.style.display='none'\"  \/>\n\t<h1>TRANSLATION<\/h1>\n\t<p>Written translation is very different to translation aimed at audiovisual content and it is also a strong element in our company.<\/p>\n\t<p><a href=\"https:\/\/www.cristbet.com\/en\/servicos\/professional-translation\/\">Learn more<\/a><\/p>\n\t\t\t\t<img decoding=\"async\" data-src=\"https:\/\/www.cristbet.com\/wp-content\/uploads\/2020\/04\/legendagemcristbet-1.jpg\" alt=\"legendagemcristbet\" itemprop=\"image\" height=\"455\" width=\"700\" title=\"legendagemcristbet\" onerror=\"this.style.display='none'\" src=\"data:image\/svg+xml;base64,PHN2ZyB3aWR0aD0iMSIgaGVpZ2h0PSIxIiB4bWxucz0iaHR0cDovL3d3dy53My5vcmcvMjAwMC9zdmciPjwvc3ZnPg==\" class=\"lazyload\" style=\"--smush-placeholder-width: 700px; --smush-placeholder-aspect-ratio: 700\/455;\" \/>\n\t<h1>SUBTITLING<\/h1>\n\t<p>Subtitling is the art of saying everything without writing everything. It is one of the most used resources in television and cinema for translating the lines from films.<\/p>\n\t<p><a href=\"https:\/\/www.cristbet.com\/en\/servicos\/professional-subtitling\/\">Learn more<\/a><\/p>\n\t\t\t\t<img decoding=\"async\" data-src=\"https:\/\/www.cristbet.com\/wp-content\/uploads\/2017\/05\/cristbetrabalhoslaboratoriais-1024x666.jpg\" alt=\"Trabalhos Laboratoriais\" itemprop=\"image\" height=\"455\" width=\"700\" title=\"Trabalhos Laboratoriais\" onerror=\"this.style.display='none'\" src=\"data:image\/svg+xml;base64,PHN2ZyB3aWR0aD0iMSIgaGVpZ2h0PSIxIiB4bWxucz0iaHR0cDovL3d3dy53My5vcmcvMjAwMC9zdmciPjwvc3ZnPg==\" class=\"lazyload\" style=\"--smush-placeholder-width: 700px; --smush-placeholder-aspect-ratio: 700\/455;\" \/>\n\t<h1>LAB WORK<\/h1>\n\t<p>Translation, subtitling services and characters insertion in various video formats through our equipment and technology with broadcast quality.<\/p>\n\t<p><a href=\"https:\/\/www.cristbet.com\/en\/servicos\/laboratory-work\/\">Learn more<\/a><\/p>\n\t\t\t\t<img decoding=\"async\" data-src=\"https:\/\/www.cristbet.com\/wp-content\/uploads\/2017\/05\/microphone_studio_recording_107102_3840x2400.jpg\" alt=\"Servi\u00e7os de dobragem CristBet.\" itemprop=\"image\" title=\"Dobragem\" onerror=\"this.style.display='none'\" src=\"data:image\/svg+xml;base64,PHN2ZyB3aWR0aD0iMSIgaGVpZ2h0PSIxIiB4bWxucz0iaHR0cDovL3d3dy53My5vcmcvMjAwMC9zdmciPjwvc3ZnPg==\" class=\"lazyload\" style=\"--smush-placeholder-width: 3840px; --smush-placeholder-aspect-ratio: 3840\/2400;\" \/>\n\t<h1>DUBBING<\/h1>\n\t<p>What we often refer to as &#8220;dubbing&#8221; is interpreting into Portuguese the lines spoken by the original actors or narrators in films, animation, advertising spots, foreign shows and documentaries, and others.<\/p>\n\t<p><a href=\"https:\/\/www.cristbet.com\/en\/servicos\/professional-dubbing\/\">Learn more<\/a><\/p>\n\t\t\t\t<img decoding=\"async\" data-src=\"https:\/\/www.cristbet.com\/wp-content\/uploads\/2017\/05\/thumbnail_tolk_tikktalk-1.jpg\" alt=\"Confer\u00eancias\" itemprop=\"image\" height=\"400\" width=\"640\" title=\"Conferencias\" onerror=\"this.style.display='none'\" src=\"data:image\/svg+xml;base64,PHN2ZyB3aWR0aD0iMSIgaGVpZ2h0PSIxIiB4bWxucz0iaHR0cDovL3d3dy53My5vcmcvMjAwMC9zdmciPjwvc3ZnPg==\" class=\"lazyload\" style=\"--smush-placeholder-width: 640px; --smush-placeholder-aspect-ratio: 640\/400;\" \/>\n\t<h1>CONFERENCE INTERPRETING<\/h1>\n\t<p>Conference interpreting relates to verbal communication only: transposing the message from one language to another.<\/p>\n<p>News: Remote simultaneous interpreting<\/p>\n\t<p><a href=\"https:\/\/www.cristbet.com\/en\/servicos\/conference-interpreting\/\">Learn more<\/a><\/p>\n\t<iframe width=\"560\" height=\"280\" data-src=\"https:\/\/www.youtube.com\/embed\/tPlpaAAXskc\" frameborder=\"0\" allow=\"accelerometer; autoplay; encrypted-media; gyroscope; picture-in-picture\" allowfullscreen src=\"data:image\/svg+xml;base64,PHN2ZyB3aWR0aD0iMSIgaGVpZ2h0PSIxIiB4bWxucz0iaHR0cDovL3d3dy53My5vcmcvMjAwMC9zdmciPjwvc3ZnPg==\" class=\"lazyload\" data-load-mode=\"1\"><\/iframe>\n\t<h1>Our clients<\/h1>\n\t\t\t\t<img decoding=\"async\" data-src=\"https:\/\/www.cristbet.com\/wp-content\/uploads\/2017\/05\/Logo_plural.png\" alt=\"Logotipo Plural\" itemprop=\"image\" height=\"400\" width=\"400\" title=\"Logotipo Plural\" onerror=\"this.style.display='none'\" src=\"data:image\/svg+xml;base64,PHN2ZyB3aWR0aD0iMSIgaGVpZ2h0PSIxIiB4bWxucz0iaHR0cDovL3d3dy53My5vcmcvMjAwMC9zdmciPjwvc3ZnPg==\" class=\"lazyload\" style=\"--smush-placeholder-width: 400px; --smush-placeholder-aspect-ratio: 400\/400;\" \/>\n\t\t\t\t<img decoding=\"async\" data-src=\"https:\/\/www.cristbet.com\/wp-content\/uploads\/2017\/05\/Logo_SIc.png\" alt=\"Logotipo SIC Televis\u00e3o\" itemprop=\"image\" height=\"400\" width=\"400\" title=\"Logotipo SIC Televis\u00e3o\" onerror=\"this.style.display='none'\" src=\"data:image\/svg+xml;base64,PHN2ZyB3aWR0aD0iMSIgaGVpZ2h0PSIxIiB4bWxucz0iaHR0cDovL3d3dy53My5vcmcvMjAwMC9zdmciPjwvc3ZnPg==\" class=\"lazyload\" style=\"--smush-placeholder-width: 400px; --smush-placeholder-aspect-ratio: 400\/400;\" \/>\n\t\t\t\t<img decoding=\"async\" data-src=\"https:\/\/www.cristbet.com\/wp-content\/uploads\/2017\/05\/Logo_sonae.png\" alt=\"Logotipo Sonae\" itemprop=\"image\" height=\"400\" width=\"400\" title=\"Logotipo Sonae\" onerror=\"this.style.display='none'\" src=\"data:image\/svg+xml;base64,PHN2ZyB3aWR0aD0iMSIgaGVpZ2h0PSIxIiB4bWxucz0iaHR0cDovL3d3dy53My5vcmcvMjAwMC9zdmciPjwvc3ZnPg==\" class=\"lazyload\" style=\"--smush-placeholder-width: 400px; --smush-placeholder-aspect-ratio: 400\/400;\" \/>\n\t\t\t\t<img decoding=\"async\" data-src=\"https:\/\/www.cristbet.com\/wp-content\/uploads\/2017\/07\/logotvi1-1-e1507072616832.png\" alt=\"TVI\" itemprop=\"image\" height=\"107\" width=\"120\" title=\"logotvi1\" onerror=\"this.style.display='none'\" src=\"data:image\/svg+xml;base64,PHN2ZyB3aWR0aD0iMSIgaGVpZ2h0PSIxIiB4bWxucz0iaHR0cDovL3d3dy53My5vcmcvMjAwMC9zdmciPjwvc3ZnPg==\" class=\"lazyload\" style=\"--smush-placeholder-width: 120px; --smush-placeholder-aspect-ratio: 120\/107;\" \/>\n\t\t\t\t<img decoding=\"async\" data-src=\"https:\/\/www.cristbet.com\/wp-content\/uploads\/2017\/05\/Logo_RP.png\" alt=\"Logotipo Rep\u00fablica Portuguesa\" itemprop=\"image\" height=\"400\" width=\"400\" title=\"Logotipo Rep\u00fablica Portuguesa\" onerror=\"this.style.display='none'\" src=\"data:image\/svg+xml;base64,PHN2ZyB3aWR0aD0iMSIgaGVpZ2h0PSIxIiB4bWxucz0iaHR0cDovL3d3dy53My5vcmcvMjAwMC9zdmciPjwvc3ZnPg==\" class=\"lazyload\" style=\"--smush-placeholder-width: 400px; --smush-placeholder-aspect-ratio: 400\/400;\" \/>\n\t\t\t\t<img decoding=\"async\" data-src=\"https:\/\/www.cristbet.com\/wp-content\/uploads\/2017\/05\/Logo_pris.png\" alt=\"Logotipo Pris Audiovisuais\" itemprop=\"image\" height=\"400\" width=\"400\" title=\"Logotipo Pris Audiovisuais\" onerror=\"this.style.display='none'\" src=\"data:image\/svg+xml;base64,PHN2ZyB3aWR0aD0iMSIgaGVpZ2h0PSIxIiB4bWxucz0iaHR0cDovL3d3dy53My5vcmcvMjAwMC9zdmciPjwvc3ZnPg==\" class=\"lazyload\" style=\"--smush-placeholder-width: 400px; --smush-placeholder-aspect-ratio: 400\/400;\" \/>\n\t<p><a href=\"https:\/\/www.cristbet.com\/expertise\/#clients\">Complete List<\/a><\/p>\n\t<p><em>&#8220;<strong>CristBet\u00a0<\/strong><\/em><em>has provided interpreting services to the\u00a0European Commission Representation in\u00a0Portugal for over<\/em><\/p>\n<p><em> 15 years, always with a high\u00a0degree of professionalism.&#8221;<\/em><\/p>\n<p>&nbsp;<\/p>\n<p>Sofia Colares Alves &#8211; European Commission<\/p>\n\t<p><a href=\"https:\/\/ec.europa.eu\/commission\/index_en\" target=\"_blank\" rel=\"noopener\"><img decoding=\"async\" data-src=\"https:\/\/www.cristbet.com\/wp-content\/uploads\/2017\/05\/Logo_EC-300x300.png\" alt=\"\" width=\"101\" height=\"84\" src=\"data:image\/svg+xml;base64,PHN2ZyB3aWR0aD0iMSIgaGVpZ2h0PSIxIiB4bWxucz0iaHR0cDovL3d3dy53My5vcmcvMjAwMC9zdmciPjwvc3ZnPg==\" class=\"lazyload\" style=\"--smush-placeholder-width: 101px; --smush-placeholder-aspect-ratio: 101\/84;\" \/><\/a><\/p>\n\t<h1>Request your quotation<\/h1>\n<p>Our team is prepared to analyse your request and quickly present you with a\u00a0proposal that suits your needs.<\/p>\n\t<p><a href=\"mailto:admin@cristbet.com\">Send us an e-mail<\/a><\/p>\n\t<h1>Contacts<\/h1>\nTel:\u00a0<a href=\"tel:\/\/+351 214 582 554\">+351 214 582 554<\/a> | Call to portuguese landline<br \/>\nTel: <a href=\"tel:\/\/+351 912 522 520\">+351 912 522 520<\/a> | Call to portuguese landline<br \/>\nTel: <a href=\"tel:\/\/+351 915 727 152\">+351 915 727 152<\/a> | Call to portuguese landline<br \/>\nE-mail:\u00a0<a href=\"mailto:admin@cristbet.com\">admin@cristbet.com<\/a>\n<p>Rua Sampaio Bruno 89-B,\u00a02775-279 Parede, Portugal<\/p>\n\t<meta name=\"google-site-verification\" content=\"80lBd0HR4rH6bYqdFwlsHXOhe6FDP4CJdML-RO5hP-s\" \/>\n\n","protected":false},"excerpt":{"rendered":"<p>Translation\u00a0 I \u00a0Subtitling Conference Interpreting Budget Request Translation &#038; Audiovisuals Click here Budget Request Conference Interpreting Click here Twenty years building language and cultural bridges&#8230; CristBet was founded at the end of the 1980&#8217;s and since then we have been offering our customers services par excellence to meet your needs. Boasting over 20 years&#8217; experience,&#8230;<\/p>\n","protected":false},"author":8,"featured_media":0,"parent":0,"menu_order":0,"comment_status":"closed","ping_status":"closed","template":"full-width-page.php","meta":{"_acf_changed":false,"footnotes":""},"class_list":["post-361","page","type-page","status-publish","hentry"],"acf":[],"_links":{"self":[{"href":"https:\/\/www.cristbet.com\/en\/wp-json\/wp\/v2\/pages\/361","targetHints":{"allow":["GET"]}}],"collection":[{"href":"https:\/\/www.cristbet.com\/en\/wp-json\/wp\/v2\/pages"}],"about":[{"href":"https:\/\/www.cristbet.com\/en\/wp-json\/wp\/v2\/types\/page"}],"author":[{"embeddable":true,"href":"https:\/\/www.cristbet.com\/en\/wp-json\/wp\/v2\/users\/8"}],"replies":[{"embeddable":true,"href":"https:\/\/www.cristbet.com\/en\/wp-json\/wp\/v2\/comments?post=361"}],"version-history":[{"count":2,"href":"https:\/\/www.cristbet.com\/en\/wp-json\/wp\/v2\/pages\/361\/revisions"}],"predecessor-version":[{"id":5908,"href":"https:\/\/www.cristbet.com\/en\/wp-json\/wp\/v2\/pages\/361\/revisions\/5908"}],"wp:attachment":[{"href":"https:\/\/www.cristbet.com\/en\/wp-json\/wp\/v2\/media?parent=361"}],"curies":[{"name":"wp","href":"https:\/\/api.w.org\/{rel}","templated":true}]}}